{"id":6831,"date":"2014-05-12T12:20:55","date_gmt":"2014-05-12T10:20:55","guid":{"rendered":"http:\/\/www6.sacotel.it\/?page_id=6831"},"modified":"2014-05-12T12:20:55","modified_gmt":"2014-05-12T10:20:55","slug":"installazione-satellitare","status":"publish","type":"page","link":"https:\/\/www6.sacotel.it\/?page_id=6831","title":{"rendered":"Installazione Satellitare"},"content":{"rendered":"[vc_row]\n[vc_column width=&#8221;1\/1&#8243;]\n[vc_column_text]\n<h2 class=\"p1\" style=\"text-align: center;\">Installazione standard con parabola<\/h2>\n<table class=\" aligncenter\">\n<tbody>\n<tr>\n<td width=\"40%\"><img decoding=\"async\" loading=\"lazy\" width=\"411\" height=\"273\" class=\"alignnone  wp-image-6835\" src=\"https:\/\/www6.sacotel.it\/wp-content\/uploads\/2014\/05\/img1_1.png\" alt=\"img1_1\" srcset=\"https:\/\/www6.sacotel.it\/wp-content\/uploads\/2014\/05\/img1_1.png 411w, https:\/\/www6.sacotel.it\/wp-content\/uploads\/2014\/05\/img1_1-258x171.png 258w, https:\/\/www6.sacotel.it\/wp-content\/uploads\/2014\/05\/img1_1-275x183.png 275w\" sizes=\"(max-width: 411px) 100vw, 411px\" \/><\/p>\n<p>&nbsp;<\/p>\n<p>&nbsp;<\/p>\n<p>&nbsp;<\/p>\n<p><a href=\"https:\/\/www6.sacotel.it\/wp-content\/uploads\/2014\/05\/img1_2.png\"><img decoding=\"async\" loading=\"lazy\" width=\"413\" height=\"241\" class=\"alignnone  wp-image-6836\" src=\"https:\/\/www6.sacotel.it\/wp-content\/uploads\/2014\/05\/img1_2.png\" alt=\"img1_2\" srcset=\"https:\/\/www6.sacotel.it\/wp-content\/uploads\/2014\/05\/img1_2.png 413w, https:\/\/www6.sacotel.it\/wp-content\/uploads\/2014\/05\/img1_2-258x150.png 258w\" sizes=\"(max-width: 413px) 100vw, 413px\" \/><\/a><\/td>\n<td>\n<h2 class=\"p1\"><\/h2>\n<p class=\"p1\" style=\"text-align: justify;\">ll servizio prevede l\u2019installazione e l\u2019attivazione dell\u2019impianto satellitare in tre fasi: prima il tecnico installer\u00e0 una parabola sul balcone di propriet\u00e0 o sullo stesso piano del locale scelto per posizionare il decoder, un illuminatore universale e una staffa per fissare l\u2019antenna, quindi provveder\u00e0 a collegare la parabola al decoder HD con posa del cavo a vista. L\u2019installazione prevede l\u2019attivazione e il controllo del funzionamento di tutto l\u2019impianto.<\/p>\n<h3 class=\"p1\">Opzione My Sky HD<\/h3>\n<p class=\"p1\" style=\"text-align: justify;\">Se scegli di installare un decoder My Sky HD, la procedura rimane uguale con la differenza che verr\u00e0 installato un illuminatore SCR. Il tecnico inoltre provveder\u00e0 a collegare il decoder ad una presa internet non lontana pi\u00f9 di tre metri.<\/p>\n<h3 class=\"p1\">Opzione Multivision<\/h3>\n<p class=\"p1\" style=\"text-align: justify;\">Con il servizio Multivision potrai vedere i tuoi programmi preferiti in una o pi\u00f9 stanze diverse da quella dove \u00e8 installato il primo decoder, scegliendo la combinazione di decoder da installare fino a due My Sky HD. L\u2019installazione del servizio Multivision segue la procedura dell\u2019installazione standard su tutti i decoder. Nel caso vengano scelti uno o pi\u00f9 decoder My Sky HD, il tecnico, dopo aver installato un illuminatore SCR, provveder\u00e0 a collegarlo\/i a una presa internet non lontana pi\u00f9 di 3 metri.<\/p>\n<\/td>\n<\/tr>\n<tr>\n<td><\/td>\n<td><\/td>\n<\/tr>\n<tr>\n<td><\/td>\n<td><\/td>\n<\/tr>\n<\/tbody>\n<\/table>\n[\/vc_column_text]\n[vc_column_text]\n<h2 class=\"p1\" style=\"text-align: center;\">Installazione standard senza parabola<\/h2>\n<table class=\" aligncenter\">\n<tbody>\n<tr>\n<td width=\"40%\"><img decoding=\"async\" loading=\"lazy\" class=\"alignnone wp-image-6844 size-full\" src=\"https:\/\/www6.sacotel.it\/wp-content\/uploads\/2014\/05\/img2_1.png\" alt=\"\" width=\"384\" height=\"265\" srcset=\"https:\/\/www6.sacotel.it\/wp-content\/uploads\/2014\/05\/img2_1.png 384w, https:\/\/www6.sacotel.it\/wp-content\/uploads\/2014\/05\/img2_1-258x178.png 258w\" sizes=\"(max-width: 384px) 100vw, 384px\" \/><\/p>\n<p><img decoding=\"async\" loading=\"lazy\" class=\"alignnone wp-image-6845 size-full\" src=\"https:\/\/www6.sacotel.it\/wp-content\/uploads\/2014\/05\/img2_2.png\" alt=\"\" width=\"374\" height=\"213\" srcset=\"https:\/\/www6.sacotel.it\/wp-content\/uploads\/2014\/05\/img2_2.png 374w, https:\/\/www6.sacotel.it\/wp-content\/uploads\/2014\/05\/img2_2-258x146.png 258w\" sizes=\"(max-width: 374px) 100vw, 374px\" \/><\/td>\n<td>\n<h3 class=\"p1\">Connessione ad impianto condominiale<\/h3>\n<p class=\"p1\" style=\"text-align: justify;\">Se il tuo condominio ha un impianto centralizzato il tecnico provveder\u00e0 al collegamento del decoder alla presa satellitare o alla centralina esistente con posa del cavo a vista. Nel caso in cui la centralina sia satura, il tecnico provveder\u00e0 ad installarne una apposita di tipo standard. Se scegli il servizio My Sky HD o Multivision, ma l\u2019impianto condominiale non \u00e8 predisposto per la loro fruizione a causa dell\u2019impossibilit\u00e0 di far passare pi\u00f9 cavi, potrai richiedere l\u2019utilizzo di una centralina SCR (vedi installazioni personalizzate). Nel caso in cui tu abbia scelto di installare uno o pi\u00f9 decoder My Sky HD, il tecnico si occuper\u00e0 di collegarlo\/i ad una presa internet non lontana pi\u00f9 di 3 metri.<\/p>\n<h3 class=\"p1\">Connessione ad impianto di propriet\u00e0<\/h3>\n<p class=\"p1\" style=\"text-align: justify;\">Se possiedi un impianto satellitare di propriet\u00e0, il servizio prevede il collegamento del decoder all\u2019impianto esistente. Se scegli il servizio My Sky HD, il tecnico collegher\u00e0 il decoder anche ad una presa internet non lontana pi\u00f9 di 3 metri e, se necessario, si occuper\u00e0 della posa del cavo a vista o sostituir\u00e0 l\u2019illuminatore universale con l\u2019illuminatore SCR.<\/p>\n<\/td>\n<\/tr>\n<tr>\n<td><\/td>\n<td><\/td>\n<\/tr>\n<tr>\n<td><\/td>\n<td><\/td>\n<\/tr>\n<\/tbody>\n<\/table>\n[\/vc_column_text]\n[vc_column_text]\n<h2 class=\"p1\" style=\"text-align: center;\">Adeguamento dell\u2019impianto Sky per My Sky HD e Multivision<\/h2>\n<table class=\" aligncenter\">\n<tbody>\n<tr>\n<td width=\"40%\"><img decoding=\"async\" loading=\"lazy\" class=\"alignnone wp-image-6849 size-full\" src=\"https:\/\/www6.sacotel.it\/wp-content\/uploads\/2014\/05\/img3_1.png\" alt=\"\" width=\"374\" height=\"275\" srcset=\"https:\/\/www6.sacotel.it\/wp-content\/uploads\/2014\/05\/img3_1.png 374w, https:\/\/www6.sacotel.it\/wp-content\/uploads\/2014\/05\/img3_1-258x189.png 258w\" sizes=\"(max-width: 374px) 100vw, 374px\" \/><\/p>\n<p><img decoding=\"async\" loading=\"lazy\" class=\"alignnone wp-image-6850 \" src=\"https:\/\/www6.sacotel.it\/wp-content\/uploads\/2014\/05\/img3_2.png\" alt=\"\" width=\"348\" height=\"215\" srcset=\"https:\/\/www6.sacotel.it\/wp-content\/uploads\/2014\/05\/img3_2.png 407w, https:\/\/www6.sacotel.it\/wp-content\/uploads\/2014\/05\/img3_2-258x159.png 258w\" sizes=\"(max-width: 348px) 100vw, 348px\" \/><\/td>\n<td>\n<h3 class=\"p1\">Adeguamento dell\u2019impianto condominiale<\/h3>\n<p class=\"p1\" style=\"text-align: justify;\">Se il tuo condominio ha un impianto centralizzato e hai attivato il servizio My Sky HD o Multivision, il tecnico provveder\u00e0 al collegamento di tutti i decoder previsti alla presa satellitare o alla centralina esistente con posa del cavo a vista. Nel caso in cui la centralina sia satura, il tecnico provveder\u00e0 ad installarne una apposita di tipo standard. Qualora l\u2019impianto condominiale non fosse predisposto per la fruizione del My Sky HD o Multivision, a causa dell\u2019impossibilit\u00e0 di far passare pi\u00f9 cavi, potrai richiedere l\u2019utilizzo di una centralina SCR (vedi installazioni personalizzate). Nel caso in cui tu abbia scelto di installare uno o pi\u00f9 decoder My Sky HD, il tecnico si occuper\u00e0 anche di collegarlo\/i ad una presa internet non lontana pi\u00f9 di 3 metri.<\/p>\n<h3 class=\"p1\">Adeguamento dell\u2019impianto di propriet\u00e0<\/h3>\n<p class=\"p1\" style=\"text-align: justify;\">Se possiedi un impianto satellitare di propriet\u00e0 e hai deciso di attivare il servizio My Sky HD o Multivision, il tecnico provveder\u00e0 a sostituire l\u2019illuminatore universale con un illuminatore SCR e a collegare tutti i decoder previsti all\u2019impianto esistente con posa del cavo a vista.<br \/>\nNel caso in cui tu abbia scelto di installare uno o pi\u00f9 decoder My Sky HD, il tecnico si occuper\u00e0 anche di collegarlo\/i ad una presa internet non lontana pi\u00f9 di 3 metri.<\/p>\n<\/td>\n<\/tr>\n<tr>\n<td><\/td>\n<td><\/td>\n<\/tr>\n<tr>\n<td><\/td>\n<td><\/td>\n<\/tr>\n<\/tbody>\n<\/table>\n[\/vc_column_text]\n[\/vc_column]\n[\/vc_row]\n","protected":false},"excerpt":{"rendered":"<p>[vc_row] [vc_column width=&#8221;1\/1&#8243;] [vc_column_text] Installazione standard con parabola &nbsp; &nbsp; &nbsp; ll servizio prevede l\u2019installazione e l\u2019attivazione dell\u2019impianto satellitare in tre fasi: prima il tecnico installer\u00e0 una parabola sul balcone <small>&#8230;<\/small><\/p>\n","protected":false},"author":2,"featured_media":0,"parent":0,"menu_order":0,"comment_status":"closed","ping_status":"closed","template":"","meta":[],"_links":{"self":[{"href":"https:\/\/www6.sacotel.it\/index.php?rest_route=\/wp\/v2\/pages\/6831"}],"collection":[{"href":"https:\/\/www6.sacotel.it\/index.php?rest_route=\/wp\/v2\/pages"}],"about":[{"href":"https:\/\/www6.sacotel.it\/index.php?rest_route=\/wp\/v2\/types\/page"}],"author":[{"embeddable":true,"href":"https:\/\/www6.sacotel.it\/index.php?rest_route=\/wp\/v2\/users\/2"}],"replies":[{"embeddable":true,"href":"https:\/\/www6.sacotel.it\/index.php?rest_route=%2Fwp%2Fv2%2Fcomments&post=6831"}],"version-history":[{"count":11,"href":"https:\/\/www6.sacotel.it\/index.php?rest_route=\/wp\/v2\/pages\/6831\/revisions"}],"predecessor-version":[{"id":6851,"href":"https:\/\/www6.sacotel.it\/index.php?rest_route=\/wp\/v2\/pages\/6831\/revisions\/6851"}],"wp:attachment":[{"href":"https:\/\/www6.sacotel.it\/index.php?rest_route=%2Fwp%2Fv2%2Fmedia&parent=6831"}],"curies":[{"name":"wp","href":"https:\/\/api.w.org\/{rel}","templated":true}]}}