{"id":6804,"date":"2014-05-08T13:02:03","date_gmt":"2014-05-08T11:02:03","guid":{"rendered":"http:\/\/www6.sacotel.it\/?page_id=6804"},"modified":"2014-05-09T13:03:46","modified_gmt":"2014-05-09T11:03:46","slug":"impianto-condominiale","status":"publish","type":"page","link":"https:\/\/www6.sacotel.it\/?page_id=6804","title":{"rendered":"Impianto Condominiale"},"content":{"rendered":"[vc_row]\n[vc_column width=&#8221;1\/1&#8243;]\n[vc_row_inner]\n[vc_column_inner width=&#8221;1\/1&#8243;]\n[vc_single_image border_color=&#8221;grey&#8221; img_link_target=&#8221;_self&#8221; image=&#8221;6823&#8243; img_size=&#8221;500&#215;375&#8243; alignment=&#8221;center&#8221;]\n[\/vc_column_inner]\n[\/vc_row_inner]\n[vc_column_text]\n<p style=\"color: #555555;\"><em style=\"color: #000000;\">L&#8217;impianto satellitare e la ristrutturazione della rete di distribuzione TV andr\u00e0 progettata in fibra ottica per essere pronti a quando gli altri servizi digitali saranno convogliati tutti nell&#8217;impianto in fibra.<\/em><\/p>\n<p style=\"color: #555555;\">Si stanno presentando spesso le problematiche condominiali legate alle parabole sui balconi ed ancora di piu\u0300 all\u2019inadeguatezza degli impianti satellitari centralizzati IF rispetto alle attuali esigenze\u00a0<em style=\"color: #000000;\">(centralizzati IF = gli impianti satellitari che sono stati installati anni fa\u0300 sfruttando la distribuzione monocavo che passa negli appartamenti)<\/em>. Gli aggiornamenti della centrale IF generano conflitti condominiali tra chi ha il servizio satellitare e &#8220;minaccia la parabola sul balcone&#8221; perche\u0300 vuol vedere tutto e chi non essendo interessato mira ad evitare la spesa.<\/p>\n<p style=\"color: #555555;\">La fibra ottica spesso\u00a0<strong style=\"color: #000000;\">risolve queste problematiche<\/strong>\u00a0e concilia le diverse esigenze con una soluzione\u00a0<strong style=\"color: #000000;\">innovativa<\/strong>\u00a0con numerosi vantaggi:<\/p>\n<ul style=\"color: #555555;\">\n<li>\u00c8 possibile realizzare a costi veramente contenuti una rete di distribuzione che convoglia\u00a0<strong style=\"color: #000000;\">sia i segnali terrestri<\/strong>\u00a0(dalla centrale tv esistente)\u00a0<strong style=\"color: #000000;\">che quelli satellitari<\/strong>\u00a0senza sconvolgere la distribuzione interna degli utenti e senza grandi opere murarie.<\/li>\n<li>Il cavo della fibra, essendo completamente dielettrico (<strong style=\"color: #000000;\">isolante<\/strong>), puo\u0300 essere posato anche accanto a cavi elettrici grazie appunto al fatto che la fibra ottica non conduce elettricit\u00e0. Possiamo perci\u00f2 inserire la fibra, che e\u0300 di\u00a0<strong style=\"color: #000000;\">dimensioni molto ridotte<\/strong>\u00a0rispetto ai normali cavi coassiali, insieme a qualunque altro servizio gia\u0300 presente in condominio nelle parti comuni (tubazioni per telefonia, citofonia, ecc.).<\/li>\n<li>Possiamo raggiungere la presa tv principale nell&#8217;appartamento fino a raggiungere il punto tv da servire utilizzando\u00a0<strong style=\"color: #000000;\">le tubazioni degli altri servizi<\/strong>\u00a0e possiamo convogliare nella fibra sia il segnale terrestre che quello satellitare. Non e\u0300 necessario smantellare il servizio preesistente quindi \u00e8 possibile convincere anche i piu\u0300 dubbiosi, che avranno la certezza di non perdere il servizio classico ma potranno, a ragion veduta, valutare i vantaggi di una linea senza perdite.<\/li>\n<li>Le attuali apparecchiature in fibra ottica ci permettono di ricollegarci alla linea tv tradizionale che si diramano nell&#8217;appartamento cosi\u0300 da permettere all\u2019utente di\u00a0<strong style=\"color: #000000;\">mantenere inalterata la distribuzione interna<\/strong>.<\/li>\n<li>Non sara\u0300 piu\u0300 necessario eseguire continui aggiornamenti &#8220;satellitari&#8221;. \u00c8 un impianto che\u00a0<strong style=\"color: #000000;\">non necessita di adeguamenti<\/strong>\u00a0in caso di aumento dei canali da parte del network e la distribuzione terrestre sara\u0300 sempre accessibile a tutti.<\/li>\n<li>Coloro i quali sono interessati ad avere piu\u0300 punti satellitari nell&#8217;appartamento avranno tutto &#8220;<strong style=\"color: #000000;\">chiavi in mano<\/strong>&#8221; in quanto il terminale satellitare ottico gestisce nativamente fino a\u00a0<strong style=\"color: #000000;\">quattro punti satellitari<\/strong>\u00a0ed uno terrestre a cui ricollegare la distribuzione classica.<\/li>\n<li>La fibra ottica raggiunge distanze enormi\u00a0<strong style=\"color: #000000;\">senza perdite di segnale<\/strong>.<\/li>\n<li>Questo tipo d&#8217;impianto ha costi similari a quelli della distribuzione tradizionale ma offre dei vantaggi assoluti.<\/li>\n<li>Ogni qual volta si vuole rivedere la distribuzione condominiale o creare un impianto satellitare centralizzato conviene utilizzare questa soluzione che \u00e8 ormai testata e consolidata, anzi sar\u00e0 il futuro anche degli altri sistemi di telecomunicazione a partire da internet e la telefonia in generale.<\/li>\n<\/ul>\n<h2 id=\"appartamento\">Nell&#8217;appartamento<\/h2>\n<p style=\"color: #555555;\">L&#8217;ingresso nell&#8217;appartamento avviene con una sola bretella in fibra ottica che si collega al convertitore installato nell&#8217;appartamento. L&#8217;utente potr\u00e0 scegliere se installare un\u00a0<strong style=\"color: #000000;\">convertitore<\/strong>\u00a0in grado di fornire\u00a0solo il segnale terrestre\u00a0(se non \u00e8 interessato a quello satellitare), solo quello\u00a0satellitare\u00a0(se preferisce ricevere il segnale terrestre in altro modo) oppure\u00a0sia il segnale terrestre che quello satellitare\u00a0con un solo convertitore per un servizio completo.<\/p>\n<p style=\"color: #555555;\">Il\u00a0<strong style=\"color: #000000;\">convertitore terrestre<\/strong>\u00a0fornisce una sola uscita che pu\u00f2 essere collegata all&#8217;impianto preesistente nell&#8217;appartamento realizzato in cavo coassiale proprio nel punto in cui il cavo coassiale del vecchio impianto entrava in casa. Grazie a questa conversione non sar\u00e0 quindi necessario rivoluzione l&#8217;impianto terrestre gi\u00e0 presente e le prese d&#8217;antenna resteranno invariate.<\/p>\n<p style=\"color: #555555;\">Il\u00a0<strong style=\"color: #000000;\">convertitore satellitare<\/strong>, invece fornisce 4 uscite che possono essere 4 uscite solo satellitari oppure miscelate con il segnale terrestre, in questo modo con un solo convertitore \u00e8 possibile collegare fino a 4 decoder satellitari oppure due decoder MySky, oltre alla distribuzione terrestre preesistente dell&#8217;appartamento.<\/p>\n<p style=\"color: #555555;\">\u00c8 possibile, in ogni caso, utilizzando pi\u00f9 convertitori, realizzare una distribuzione del segnale\u00a0<strong style=\"color: #000000;\">completamente in fibra ottica<\/strong>\u00a0anche all&#8217;interno dell&#8217;appartamento; questa soluzione permette di portare il segnale TV anche in locali difficilmente raggiungibili da un tradizionale impianto con cavo coassiale &#8211; che sarebbero altrimenti rimasti inserviti &#8211; grazie alle piccole dimensioni della fibra ottica e alla possibilit\u00e0 di sfruttare le tubazioni agibili dell&#8217;impianto elettrico poich\u00e9 \u00e8 dielettrica.<\/p>\n<p style=\"color: #555555;\">Questo sistema offre, quindi a tutti gli utenti la libert\u00e0 di personalizzare l&#8217;impianto domestico in base alle proprie esigenze.<\/p>\n[\/vc_column_text]\n[\/vc_column]\n[\/vc_row]\n","protected":false},"excerpt":{"rendered":"<p>[vc_row] [vc_column width=&#8221;1\/1&#8243;] [vc_row_inner] [vc_column_inner width=&#8221;1\/1&#8243;] [vc_single_image border_color=&#8221;grey&#8221; img_link_target=&#8221;_self&#8221; image=&#8221;6823&#8243; img_size=&#8221;500&#215;375&#8243; alignment=&#8221;center&#8221;] [\/vc_column_inner] [\/vc_row_inner] [vc_column_text] L&#8217;impianto satellitare e la ristrutturazione della rete di distribuzione TV andr\u00e0 progettata in fibra ottica <small>&#8230;<\/small><\/p>\n","protected":false},"author":2,"featured_media":0,"parent":0,"menu_order":0,"comment_status":"closed","ping_status":"closed","template":"","meta":[],"_links":{"self":[{"href":"https:\/\/www6.sacotel.it\/index.php?rest_route=\/wp\/v2\/pages\/6804"}],"collection":[{"href":"https:\/\/www6.sacotel.it\/index.php?rest_route=\/wp\/v2\/pages"}],"about":[{"href":"https:\/\/www6.sacotel.it\/index.php?rest_route=\/wp\/v2\/types\/page"}],"author":[{"embeddable":true,"href":"https:\/\/www6.sacotel.it\/index.php?rest_route=\/wp\/v2\/users\/2"}],"replies":[{"embeddable":true,"href":"https:\/\/www6.sacotel.it\/index.php?rest_route=%2Fwp%2Fv2%2Fcomments&post=6804"}],"version-history":[{"count":5,"href":"https:\/\/www6.sacotel.it\/index.php?rest_route=\/wp\/v2\/pages\/6804\/revisions"}],"predecessor-version":[{"id":6825,"href":"https:\/\/www6.sacotel.it\/index.php?rest_route=\/wp\/v2\/pages\/6804\/revisions\/6825"}],"wp:attachment":[{"href":"https:\/\/www6.sacotel.it\/index.php?rest_route=%2Fwp%2Fv2%2Fmedia&parent=6804"}],"curies":[{"name":"wp","href":"https:\/\/api.w.org\/{rel}","templated":true}]}}