{"id":6690,"date":"2014-04-15T07:58:40","date_gmt":"2014-04-15T05:58:40","guid":{"rendered":"http:\/\/www6.sacotel.it\/?page_id=6690"},"modified":"2014-05-08T12:55:27","modified_gmt":"2014-05-08T10:55:27","slug":"sky","status":"publish","type":"page","link":"https:\/\/www6.sacotel.it\/?page_id=6690","title":{"rendered":"Sky"},"content":{"rendered":"[vc_row]\n[vc_column width=&#8221;1\/1&#8243;]\n[vc_column_text]\n<h1>Installazione impianti SKY<\/h1>\n<p style=\"text-align: center;\"><img decoding=\"async\" loading=\"lazy\" class=\"aligncenter\" src=\"http:\/\/www.electrosky.it\/images\/templates\/quantua\/images\/sky_logo.png\" alt=\"\" width=\"400\" height=\"240\" \/><\/p>\n<p>Sky Italia, nata il\u00a0<strong>31 luglio 2003<\/strong>, propone un modello di intrattenimento unico nel panorama televisivo italiano, che ha rivoluzionato la fruizione televisiva, combinando la migliore offerta di programmi ed eventi, nazionali e internazionali, con le tecnologie pi\u00f9 innovative.<\/p>\n<p>Sono<strong>\u00a04,76 milioni<\/strong>\u00a0le\u00a0<strong>famiglie\u00a0<\/strong>italiane che hanno scelto di abbonarsi a Sky e la sua platea televisiva supera i 15 milioni di telespettatori.<\/p>\n<p>In questi anni, accanto alla progressiva crescita del numero di famiglie abbonate, \u00e8 cresciuta in modo significativo anche la qualit\u00e0 e la ricchezza della programmazione ed \u00e8 stata costantemente ampliata la gamma dei servizi offerti. Questo per rendere sempre pi\u00f9 emozionante l\u2019esperienza di visione, offrendo all\u2019abbonato la massima libert\u00e0 di scelta.<\/p>\n<p>Sky offre oggi\u00a0<strong>oltre 170 canali tematici e pay per view<\/strong>\u00a0&#8211; di cui 62 in Alta Definizione e uno in 3D \u2013 e pi\u00f9 di 80 canali audio-tematici e radio digitali. Ha dato vita a nuovi format, coinvolgendo grandi nomi dello spettacolo e giovani talenti, e ha progressivamente aumentato l\u2019impegno nelle produzioni originali e gli investimenti in innovazione tecnologica.<\/p>\n<p>Sky \u00e8 stata la prima televisione italiana a trasmettere in\u00a0<strong>Alta Definizione<\/strong>, a dotare i suoi abbonati di un Personal Video Recorder,\u00a0<strong>My Sky HD<\/strong>, e a offrire con\u00a0<strong>Sky Go<\/strong>\u00a0un&#8217;ampia selezione di canali e contenuti on demand in mobilit\u00e0, su tablet, Pc, Mac e smartphone. Ma \u00e8 anche stata la prima a dedicare un intero canale alle trasmissioni in\u00a0<strong>3D<\/strong>\u00a0e a offrire, con<strong>\u00a0Sky On Demand<\/strong>, un servizio che consente di scaricare e conservare sull\u2019hard disk del proprio decoder i propri programmi preferiti, scelti in una videoteca di oltre 2800 titoli disponibili in qualsiasi momento.<\/p>\n<p>Sky ha anche dato un significativo contributo al pluralismo dell\u2019informazione, da un lato promuovendo l\u2019informazione libera e imparziale di\u00a0<strong>Sky Tg24<\/strong>, diventato un punto di riferimento nel panorama giornalistico italiano, e dall\u2019altro dando spazio ai pi\u00f9 autorevoli canali all news del mondo. Inoltre, con\u00a0<strong>Sky Sport 24<\/strong>, \u00e8 stata la prima televisione a creare un canale di informazione sportiva 24 ore su 24.<\/p>\n<p>Dal 2003 ad oggi, investendo in creativit\u00e0, contenuti e innovazione, Sky ha stimolato la crescita di tutto il comparto audiovisivo italiano e ha contribuito in maniera significativa allo sviluppo del sistema economico del Paese, creando nuovi posti di lavoro e valorizzando professionalit\u00e0 e giovani talenti. Uno sforzo produttivo che ha portato Sky a essere\u00a0<strong>la prima industria italiana dell\u2019intrattenimento<\/strong>, con oltre 39mila ore di programmi televisivi autoprodotti dall\u2019intera piattaforma, al netto delle repliche e delle attivit\u00e0 di autopromozione dei canali.<\/p>\n<p>Sky Italia \u00e8 controllata al 100% da 21st Century Fox, una delle pi\u00f9 grandi media company al mondo.<\/p>\n[\/vc_column_text]\n[\/vc_column]\n[\/vc_row]\n[vc_row]\n[vc_column width=&#8221;1\/1&#8243;]\n<div class=\"sc_layout grid post\">\t\t\t\t\t<div class=\"blog_header\">\t\t\t\t\t\t<h4 class=\"pull-left caption\">\t\t\t\t\t\t\tUltime offerte SKY\t\t\t\t\t\t<\/h4>\t\t\t\t\t\t<h6 class=\"pull-left tagline\">\t\t\t\t\t\t\t\t\t\t\t\t\t<\/h6>\t\t\t\t\t\t<div class=\"clearboth\">\t\t\t\t\t\t<\/div>\t\t\t\t\t<\/div><!-- \/.blog_header--><div class=\"row-fluid\"><div class=\"span4 column im-animate-element right-to-left \"><div class=\"image\" data-style=\"width:287px;\"><div class=\"plain post-image data-image\"><img class=\"hover_fade_js image-resize w\" src=\"https:\/\/www6.sacotel.it\/wp-content\/uploads\/cache\/e\/e9754d2b3745d08d1abb628990ab892d.jpg\" title=\"Sky offerta speciale\" alt=\"Sky 1990 11046298 519395071531934 2094046498558767667 N E1427049118702\" width=\"285\" height=\"200\" \/><div class=\"preview_info_wrap\"><a class=\"controls img\" href=\"https:\/\/www6.sacotel.it\/wp-content\/uploads\/2015\/03\/Sky-1990-11046298_519395071531934_2094046498558767667_n-e1427049118702.jpg\" rel=\"prettyPhoto[post_7260]\"><i class=\"im-icon-zoom-in\"><\/i><\/a> <!-- \/.controls --><a class=\"controls link\" href=\"https:\/\/www6.sacotel.it\/?p=7260\" title=\"Sky offerta speciale\"><i class=\"im-icon-link\"><\/i><\/a> <!-- \/.controls --><\/div><\/div><\/div><h2 class=\"post_title\"><a href=\"https:\/\/www6.sacotel.it\/?p=7260\" title=\"Sky offerta speciale\" rel=\"bookmark\">Sky offerta speciale<\/a><\/h2><div class=\"post_meta\"><span class=\"meta_date\"><i class=\"im-icon-calendar-4\"><\/i><a href=\"https:\/\/www6.sacotel.it\/?m=201503\" title=\"\">22 Mar 2015<\/a><\/span> <\/div><div class=\"content\"><div class=\"post_excerpt\">IL MOMENTO MIGLIORE PER ABBONARSI A SKY? E&#8217; ADESSO!! Oggi vedere tutto l&#8217;intrattenimento Sky + tutte le partite di Serie A...<\/div><!-- \/.post_excerpt --><\/div><!-- \/.content --><\/div><!-- \/.span4 column --><div class=\"span4 column im-animate-element right-to-left \"><div class=\"image\" data-style=\"width:287px;\"><div class=\"plain post-image data-image\"><img class=\"hover_fade_js image-resize w\" src=\"https:\/\/www6.sacotel.it\/wp-content\/uploads\/cache\/6\/65296c3fd5e9eacb5c302918b7fed284.jpg\" title=\"Sky Motori 2015\" alt=\"Sky Motori 2015 11002660 899902590054895 7844403681117550463 N\" width=\"285\" height=\"200\" \/><div class=\"preview_info_wrap\"><a class=\"controls img\" href=\"https:\/\/www6.sacotel.it\/wp-content\/uploads\/2015\/03\/Sky-motori-2015-11002660_899902590054895_7844403681117550463_n.jpg\" rel=\"prettyPhoto[post_7246]\"><i class=\"im-icon-zoom-in\"><\/i><\/a> <!-- \/.controls --><a class=\"controls link\" href=\"https:\/\/www6.sacotel.it\/?p=7246\" title=\"Sky Motori 2015\"><i class=\"im-icon-link\"><\/i><\/a> <!-- \/.controls --><\/div><\/div><\/div><h2 class=\"post_title\"><a href=\"https:\/\/www6.sacotel.it\/?p=7246\" title=\"Sky Motori 2015\" rel=\"bookmark\">Sky Motori 2015<\/a><\/h2><div class=\"post_meta\"><span class=\"meta_date\"><i class=\"im-icon-calendar-4\"><\/i><a href=\"https:\/\/www6.sacotel.it\/?m=201503\" title=\"\">11 Mar 2015<\/a><\/span> <\/div><div class=\"content\"><div class=\"post_excerpt\">Stanno arrivando e abbatteranno ogni limite!! Solo su Sky l&#8217;offerta motori piu&#8217; completa. Regalati l&#8217;intrattenimento...<\/div><!-- \/.post_excerpt --><\/div><!-- \/.content --><\/div><!-- \/.span4 column --><div class=\"span4 column im-animate-element right-to-left \"><div class=\"image\" data-style=\"width:287px;\"><div class=\"plain post-image data-image\"><img class=\"hover_fade_js image-resize w\" src=\"https:\/\/www6.sacotel.it\/wp-content\/uploads\/cache\/a\/aaca2e8d3f2d89e5320eb039d0d6c9df.jpg\" title=\"Tutto il calcio Sky a soli \u20ac 19,90 al mese!!\" alt=\"Sky Ilaria DAmico In AGNONA1 E1423737042477\" width=\"285\" height=\"200\" \/><div class=\"preview_info_wrap\"><a class=\"controls img\" href=\"https:\/\/www6.sacotel.it\/wp-content\/uploads\/2015\/02\/Sky-Ilaria-DAmico-in-AGNONA1-e1423737042477.jpg\" rel=\"prettyPhoto[post_7219]\"><i class=\"im-icon-zoom-in\"><\/i><\/a> <!-- \/.controls --><a class=\"controls link\" href=\"https:\/\/www6.sacotel.it\/?p=7219\" title=\"Tutto il calcio Sky a soli \u20ac 19,90 al mese!!\"><i class=\"im-icon-link\"><\/i><\/a> <!-- \/.controls --><\/div><\/div><\/div><h2 class=\"post_title\"><a href=\"https:\/\/www6.sacotel.it\/?p=7219\" title=\"Tutto il calcio Sky a soli \u20ac 19,90 al mese!!\" rel=\"bookmark\">Tutto il calcio Sky a soli \u20ac 19,90 al mese!!<\/a><\/h2><div class=\"post_meta\"><span class=\"meta_date\"><i class=\"im-icon-calendar-4\"><\/i><a href=\"https:\/\/www6.sacotel.it\/?m=201503\" title=\"\">3 Mar 2015<\/a><\/span> <\/div><div class=\"content\"><div class=\"post_excerpt\">IL MOMENTO MIGLIORE PER ABBONARSI A SKY? E&#8217; ADESSO!! Oggi vedere tutto l&#8217;intrattenimento Sky + tutte le partite di Serie A...<\/div><!-- \/.post_excerpt --><\/div><!-- \/.content --><\/div><!-- \/.span4 column --><\/div><!-- \/.row-fluid --> <div class=\"row-fluid\"><div class=\"span4 column im-animate-element right-to-left \"><div class=\"image\" data-style=\"width:287px;\"><div class=\"plain post-image data-image\"><img class=\"hover_fade_js image-resize w\" src=\"https:\/\/www6.sacotel.it\/wp-content\/uploads\/2015\/02\/Sky-lv_logo_bg.png\" title=\"Sky promo 2 pacchetti 29,90 \u20ac\" alt=\"Sky Lv Logo Bg\" width=\"285\" height=\"200\" \/><div class=\"preview_info_wrap\"><a class=\"controls img\" href=\"https:\/\/www6.sacotel.it\/wp-content\/uploads\/2015\/02\/Sky-lv_logo_bg.png\" rel=\"prettyPhoto[post_7183]\"><i class=\"im-icon-zoom-in\"><\/i><\/a> <!-- \/.controls --><a class=\"controls link\" href=\"https:\/\/www6.sacotel.it\/?p=7183\" title=\"Sky promo 2 pacchetti 29,90 \u20ac\"><i class=\"im-icon-link\"><\/i><\/a> <!-- \/.controls --><\/div><\/div><\/div><h2 class=\"post_title\"><a href=\"https:\/\/www6.sacotel.it\/?p=7183\" title=\"Sky promo 2 pacchetti 29,90 \u20ac\" rel=\"bookmark\">Sky promo 2 pacchetti 29,90 \u20ac<\/a><\/h2><div class=\"post_meta\"><span class=\"meta_date\"><i class=\"im-icon-calendar-4\"><\/i><a href=\"https:\/\/www6.sacotel.it\/?m=201502\" title=\"\">24 Feb 2015<\/a><\/span> <\/div><div class=\"content\"><div class=\"post_excerpt\">\u00a0Scegli una delle seguenti combinazioni, ti coster\u00e0 solo \u20ac 29,90 al mese per 12 mesi: &nbsp; + + OPPURE + + OPPURE + + = \u20ac 29,90...<\/div><!-- \/.post_excerpt --><\/div><!-- \/.content --><\/div><!-- \/.span4 column --><div class=\"span4 column im-animate-element right-to-left \"><div class=\"image\" data-style=\"width:287px;\"><div class=\"plain post-image data-image\"><img class=\"hover_fade_js image-resize w\" src=\"https:\/\/www6.sacotel.it\/wp-content\/uploads\/cache\/1\/16135b907823c49ce88647efe80d8b76.jpg\" title=\"Offerta prepagata Sky\" alt=\"Sky Medio\" width=\"285\" height=\"200\" \/><div class=\"preview_info_wrap\"><a class=\"controls img\" href=\"https:\/\/www6.sacotel.it\/wp-content\/uploads\/2014\/04\/Sky_Medio.jpg\" rel=\"prettyPhoto[post_7211]\"><i class=\"im-icon-zoom-in\"><\/i><\/a> <!-- \/.controls --><a class=\"controls link\" href=\"https:\/\/www6.sacotel.it\/?p=7211\" title=\"Offerta prepagata Sky\"><i class=\"im-icon-link\"><\/i><\/a> <!-- \/.controls --><\/div><\/div><\/div><h2 class=\"post_title\"><a href=\"https:\/\/www6.sacotel.it\/?p=7211\" title=\"Offerta prepagata Sky\" rel=\"bookmark\">Offerta prepagata Sky<\/a><\/h2><div class=\"post_meta\"><span class=\"meta_date\"><i class=\"im-icon-calendar-4\"><\/i><a href=\"https:\/\/www6.sacotel.it\/?m=201502\" title=\"\">16 Feb 2015<\/a><\/span> <\/div><div class=\"content\"><div class=\"post_excerpt\">Offerta valida per tutti coloro che abitano nelle seguenti zone della provincia di Taranto: CAP ZONA 74123 TARANTO zona Borgo, citt\u00e0...<\/div><!-- \/.post_excerpt --><\/div><!-- \/.content --><\/div><!-- \/.span4 column --><\/div><!-- \/.row-fluid --><\/div><!-- \/.sc_layout grid-->\n[\/vc_column]\n[\/vc_row]\n","protected":false},"excerpt":{"rendered":"<p>[vc_row] [vc_column width=&#8221;1\/1&#8243;] [vc_column_text] Installazione impianti SKY Sky Italia, nata il\u00a031 luglio 2003, propone un modello di intrattenimento unico nel panorama televisivo italiano, che ha rivoluzionato la fruizione televisiva, combinando <small>&#8230;<\/small><\/p>\n","protected":false},"author":1,"featured_media":0,"parent":0,"menu_order":0,"comment_status":"open","ping_status":"open","template":"","meta":[],"_links":{"self":[{"href":"https:\/\/www6.sacotel.it\/index.php?rest_route=\/wp\/v2\/pages\/6690"}],"collection":[{"href":"https:\/\/www6.sacotel.it\/index.php?rest_route=\/wp\/v2\/pages"}],"about":[{"href":"https:\/\/www6.sacotel.it\/index.php?rest_route=\/wp\/v2\/types\/page"}],"author":[{"embeddable":true,"href":"https:\/\/www6.sacotel.it\/index.php?rest_route=\/wp\/v2\/users\/1"}],"replies":[{"embeddable":true,"href":"https:\/\/www6.sacotel.it\/index.php?rest_route=%2Fwp%2Fv2%2Fcomments&post=6690"}],"version-history":[{"count":3,"href":"https:\/\/www6.sacotel.it\/index.php?rest_route=\/wp\/v2\/pages\/6690\/revisions"}],"predecessor-version":[{"id":6802,"href":"https:\/\/www6.sacotel.it\/index.php?rest_route=\/wp\/v2\/pages\/6690\/revisions\/6802"}],"wp:attachment":[{"href":"https:\/\/www6.sacotel.it\/index.php?rest_route=%2Fwp%2Fv2%2Fmedia&parent=6690"}],"curies":[{"name":"wp","href":"https:\/\/api.w.org\/{rel}","templated":true}]}}