{"id":6453,"date":"2014-04-03T15:17:51","date_gmt":"2014-04-03T13:17:51","guid":{"rendered":"http:\/\/www6.sacotel.it\/?page_id=6453"},"modified":"2014-04-03T19:16:31","modified_gmt":"2014-04-03T17:16:31","slug":"siportal","status":"publish","type":"page","link":"https:\/\/www6.sacotel.it\/?page_id=6453","title":{"rendered":"SiAdsl"},"content":{"rendered":"[vc_row]\n[vc_column]\n[vc_column_text]<a href=\"https:\/\/www6.sacotel.it\/wp-content\/uploads\/2014\/04\/logo_Alta-Siportal_web.png\"><img decoding=\"async\" loading=\"lazy\" class=\"aligncenter\" alt=\"logo_Alta-Siportal_web\" src=\"https:\/\/www6.sacotel.it\/wp-content\/uploads\/2014\/04\/logo_Alta-Siportal_web.png\" width=\"800\" height=\"405\" \/><\/a><\/p>\n<p><em>SiAdsl.it fa parte del network Siportal.it, \u00e8 un sito per la vendita di Internet a banda larga e dei relativi accessori che opera ormai dal 2001 con un crescente numero di Clienti e partners commerciali.<br \/>\nS\u00ecAdsl.it permette innanzi tutto di avere chiarezza nell&#8217;acquisto delle connessioni Adsl.<\/em><\/p>\n<p>Con Siadsl.it la banda larga diventa quindi facile da capire e da avere, e in pi\u00f9 con tutte le garanzie che gli altri operatori non forniscono e si guardano bene dal fornire. S\u00ecAdsl garantisce la certezza di una connessione di qualit\u00e0, sempre disponibile e con un rapporto qualit\u00e0 (leggasi banda garantita) su prezzo imbattibile.<br \/>\nLa garanzia contrattuale sulle prestazioni minime del servizio \u00e8 la migliore garanzia della qualit\u00e0 dei servizi Siadsl.<\/p>\n<p>SiAdsl.it permette inoltre, in tutta Italia in zone coperte da Adsl, di avere la connessione anche senza linea Telecom (si risparmia il canone telecom).<\/p>\n<p>C&#8217;\u00e8 poi la professionalit\u00e0 dei Consulenti SiAdsl.it che permette a qualsiasi Cliente (Privato o Azienda) di ricevere il miglior supporto di prevendita ad oggi disponibile nel mercato italiano (Internet News, inchiesta sui call center dei provider italiani).<br \/>\nLe connessioni S\u00ecAdsl rappresentano, oggi, la migliore risposta alle esigenze degli Utenti Internet che intendono affidarsi alla tecnologia del broad band.[\/vc_column_text]\n[\/vc_column]\n[\/vc_row]\n[vc_row]\n[vc_column width=&#8221;1\/1&#8243;]\n<div class=\"sc_layout grid post\">\t\t\t\t\t<div class=\"blog_header\">\t\t\t\t\t\t<h4 class=\"pull-left caption\">\t\t\t\t\t\t\tUltime offerte SiAdsl\t\t\t\t\t\t<\/h4>\t\t\t\t\t\t<h6 class=\"pull-left tagline\">\t\t\t\t\t\t\t\t\t\t\t\t\t<\/h6>\t\t\t\t\t\t<div class=\"clearboth\">\t\t\t\t\t\t<\/div>\t\t\t\t\t<\/div><!-- \/.blog_header--><div class=\"row-fluid\"><div class=\"span4 column im-animate-element right-to-left \"><div class=\"image\" data-style=\"width:287px;\"><div class=\"plain post-image data-image\"><img class=\"hover_fade_js image-resize w\" src=\"https:\/\/www6.sacotel.it\/wp-content\/uploads\/cache\/1\/18c58366b54360b6205c4ac5b8e10e70.jpg\" title=\"SiAdsl &#8211; Internet 7 Mega Senza Linea Telecom\" alt=\"Prod00444\" width=\"285\" height=\"200\" \/><div class=\"preview_info_wrap\"><a class=\"controls img\" href=\"https:\/\/www6.sacotel.it\/wp-content\/uploads\/2014\/04\/prod00444.jpg\" rel=\"prettyPhoto[post_6734]\"><i class=\"im-icon-zoom-in\"><\/i><\/a> <!-- \/.controls --><a class=\"controls link\" href=\"https:\/\/www6.sacotel.it\/?p=6734\" title=\"SiAdsl &#8211; Internet 7 Mega Senza Linea Telecom\"><i class=\"im-icon-link\"><\/i><\/a> <!-- \/.controls --><\/div><\/div><\/div><h2 class=\"post_title\"><a href=\"https:\/\/www6.sacotel.it\/?p=6734\" title=\"SiAdsl &#8211; Internet 7 Mega Senza Linea Telecom\" rel=\"bookmark\">SiAdsl &#8211; Internet 7 Mega Senza Linea Telecom<\/a><\/h2><div class=\"post_meta\"><span class=\"meta_date\"><i class=\"im-icon-calendar-4\"><\/i><a href=\"https:\/\/www6.sacotel.it\/?m=201404\" title=\"\">23 Apr 2014<\/a><\/span> <\/div><div class=\"content\"><div class=\"post_excerpt\">Ultra Internet Fibra Ottica. Navighi fino a 30 Mega in download e 3 Mega in upload<\/div><!-- \/.post_excerpt --><\/div><!-- \/.content --><\/div><!-- \/.span4 column --><div class=\"span4 column im-animate-element right-to-left \"><div class=\"image\" data-style=\"width:287px;\"><div class=\"plain post-image data-image\"><img class=\"hover_fade_js image-resize w\" src=\"https:\/\/www6.sacotel.it\/wp-content\/uploads\/cache\/5\/5625d976f7862d2f33832d59860a52f4.jpg\" title=\"SiAdsl &#8211; Internet 7 Mega\" alt=\"Prod00427\" width=\"285\" height=\"200\" \/><div class=\"preview_info_wrap\"><a class=\"controls img\" href=\"https:\/\/www6.sacotel.it\/wp-content\/uploads\/2014\/04\/prod00427.jpg\" rel=\"prettyPhoto[post_6728]\"><i class=\"im-icon-zoom-in\"><\/i><\/a> <!-- \/.controls --><a class=\"controls link\" href=\"https:\/\/www6.sacotel.it\/?p=6728\" title=\"SiAdsl &#8211; Internet 7 Mega\"><i class=\"im-icon-link\"><\/i><\/a> <!-- \/.controls --><\/div><\/div><\/div><h2 class=\"post_title\"><a href=\"https:\/\/www6.sacotel.it\/?p=6728\" title=\"SiAdsl &#8211; Internet 7 Mega\" rel=\"bookmark\">SiAdsl &#8211; Internet 7 Mega<\/a><\/h2><div class=\"post_meta\"><span class=\"meta_date\"><i class=\"im-icon-calendar-4\"><\/i><a href=\"https:\/\/www6.sacotel.it\/?m=201404\" title=\"\">23 Apr 2014<\/a><\/span> <\/div><div class=\"content\"><div class=\"post_excerpt\">Ultra Internet Fibra Ottica. Navighi fino a 30 Mega in download e 3 Mega in upload<\/div><!-- \/.post_excerpt --><\/div><!-- \/.content --><\/div><!-- \/.span4 column --><\/div><!-- \/.row-fluid --><\/div><!-- \/.sc_layout grid-->\n[\/vc_column]\n[\/vc_row]\n","protected":false},"excerpt":{"rendered":"<p>[vc_row] [vc_column] [vc_column_text] SiAdsl.it fa parte del network Siportal.it, \u00e8 un sito per la vendita di Internet a banda larga e dei relativi accessori che opera ormai dal 2001 con <small>&#8230;<\/small><\/p>\n","protected":false},"author":2,"featured_media":0,"parent":0,"menu_order":0,"comment_status":"open","ping_status":"open","template":"","meta":[],"_links":{"self":[{"href":"https:\/\/www6.sacotel.it\/index.php?rest_route=\/wp\/v2\/pages\/6453"}],"collection":[{"href":"https:\/\/www6.sacotel.it\/index.php?rest_route=\/wp\/v2\/pages"}],"about":[{"href":"https:\/\/www6.sacotel.it\/index.php?rest_route=\/wp\/v2\/types\/page"}],"author":[{"embeddable":true,"href":"https:\/\/www6.sacotel.it\/index.php?rest_route=\/wp\/v2\/users\/2"}],"replies":[{"embeddable":true,"href":"https:\/\/www6.sacotel.it\/index.php?rest_route=%2Fwp%2Fv2%2Fcomments&post=6453"}],"version-history":[{"count":5,"href":"https:\/\/www6.sacotel.it\/index.php?rest_route=\/wp\/v2\/pages\/6453\/revisions"}],"predecessor-version":[{"id":6477,"href":"https:\/\/www6.sacotel.it\/index.php?rest_route=\/wp\/v2\/pages\/6453\/revisions\/6477"}],"wp:attachment":[{"href":"https:\/\/www6.sacotel.it\/index.php?rest_route=%2Fwp%2Fv2%2Fmedia&parent=6453"}],"curies":[{"name":"wp","href":"https:\/\/api.w.org\/{rel}","templated":true}]}}