{"id":6438,"date":"2014-04-03T14:56:22","date_gmt":"2014-04-03T12:56:22","guid":{"rendered":"http:\/\/www6.sacotel.it\/?page_id=6438"},"modified":"2014-04-03T19:14:48","modified_gmt":"2014-04-03T17:14:48","slug":"numeria","status":"publish","type":"page","link":"https:\/\/www6.sacotel.it\/?page_id=6438","title":{"rendered":"Numeria"},"content":{"rendered":"[vc_row]\n[vc_column width=&#8221;1\/1&#8243;]\n[vc_column_text]<a href=\"https:\/\/www6.sacotel.it\/wp-content\/uploads\/2014\/04\/numeria.png\"><img decoding=\"async\" loading=\"lazy\" class=\"aligncenter\" alt=\"numeria\" src=\"https:\/\/www6.sacotel.it\/wp-content\/uploads\/2014\/04\/numeria.png\" width=\"800\" height=\"300\" \/><\/a><\/p>\n<p align=\"justify\">Numeria.net \u00e8 una delle pi\u00f9 estese reti di accesso internet e trasmissione dati del sud Italia. Nata a Taranto nel 2006 oggi copre vastissime aree di Puglia Basilicata e Calabria.<\/p>\n<h2 align=\"center\">Affidabile<\/h2>\n<p>E&#8217; affidabile perch\u00e8 \u00e8\u00a0costruita per resistere. Il trasporto dati \u00e8 esclusivamente su rete proprietaria, ogni dorsale \u00e8 raddoppiata e nei punti pi\u00f9 strategici triplicata, al fine di garantire continuit\u00e0 di servizio sia in caso di guasto che di improvviso aumento del traffico.<\/p>\n<p align=\"justify\">Grazie alla rete proprietaria ed all&#8217;indipendenza, in caso di calamit\u00e0 o guasti alla rete telefonica nazionale, i servizi Numeria proseguono senza alcuna interruzione, garantendo le comunicazioni anche in situazioni particolarmente severe.\u00a0Questo sistema \u00e8 gi\u00e0 stato messo alla prova da eccezionali nevicate e nubifragi, proseguendo la propria attivit\u00e0 quando altre reti nazionali erano in blackout.<\/p>\n<p align=\"justify\">Questa scelta operativa ci identifica come il partner ideale per le pubbliche amministrazioni e per qualunque attivit\u00e0 per cui la\u00a0<i>business availability<\/i>\u00a0sia una necessit\u00e0 ineludibile.<\/p>\n<h2 align=\"center\">Indipendente<\/h2>\n<p align=\"justify\">In Italia quasi tutte le telecomunicazioni dipendono dalla rete Telecom Italia.<\/p>\n<p align=\"justify\">Numeria ha fatto la scelta di non dipendere in alcun modo da tale rete cos\u00ec da restare autonoma anche in caso di blackout o calamit\u00e0. Numeria \u00e8\u00a0progettata per interconnettersi ad internet senza alcuna dipendenza dalla rete telefonica nazionale.\u00a0La rete Numeria \u00e8 direttamente connessa esclusivamente a reti internazionali Tier1 o 2 (<a href=\"http:\/\/en.wikipedia.org\/wiki\/Tier_1_network\" target=\"_blank\">Approfondisci<\/a>).<\/p>\n<p align=\"justify\">Grazie a queste scelte i principali punti di interscambio internet del mondo sono raggiunti direttamente in fibra ottica con tempi di latenza al top del mercato, ed un efficenza della connessione al di sopra della media.<\/p>\n<p align=\"justify\">Nessuna dipendenza dalle centrali Telecom nemmeno per l&#8217; ultimo miglio ed operativit\u00e0 anche in zone non raggiunte dai servizi via cavo fanno di Numeria un Internet provider autonomo che opera anche per coprire le zone in digital divide senza duplicare o rivendere i servizi di altri operatori nazionali.<\/p>\n<h2 align=\"center\">Innovativa<\/h2>\n<p align=\"justify\">Numeria \u00e8 un&#8217;azienda innovativa sia per le tipologie di servizio che per i profili contrattuali.\u00a0Aziende e privati troveranno sempre ci\u00f2 di cui hanno bisogno, qualunque sia l&#8217;esigenza.<\/p>\n<p align=\"justify\">E&#8217; innovativa perch\u00e8\u00a0nata da un progetto diverso da quello di un semplice rivenditore di connettivit\u00e0 ma pensata per fornire servizi sempre all&#8217;avanguardia sia per prestazioni che qualit\u00e0.\u00a0Numeria fornisce servizi di trasmissione dati anche\u00a0<i>layer2<\/i>\u00a0per aziende\u00a0 ed altri operatori assicurando\u00a0<i>network neutrality<\/i>, affidabilit\u00e0 e tecnologie al top del mercato.\u00a0Numeria investe continuamente in innovazione aggiornando e potenziando costantemente la propria rete.<\/p>\n<p align=\"justify\">Una divisione si occupa di testare in anticipo le nuove tecnologie cos\u00ec da renderle disponibili alla clientela prima di altri competitor, scegliere i servizi Numeria consente di essere sempre un passo avanti per performances e qualit\u00e0 dei servizi.<\/p>\n[\/vc_column_text]\n[\/vc_column]\n[\/vc_row]\n[vc_row]\n[vc_column width=&#8221;1\/1&#8243;]\n<div class=\"sc_layout grid post\">\t\t\t\t\t<div class=\"blog_header\">\t\t\t\t\t\t<h4 class=\"pull-left caption\">\t\t\t\t\t\t\tUltime offerte Numeria\t\t\t\t\t\t<\/h4>\t\t\t\t\t\t<h6 class=\"pull-left tagline\">\t\t\t\t\t\t\t\t\t\t\t\t\t<\/h6>\t\t\t\t\t\t<div class=\"clearboth\">\t\t\t\t\t\t<\/div>\t\t\t\t\t<\/div><!-- \/.blog_header--><\/div><!-- \/.sc_layout grid-->\n[\/vc_column]\n[\/vc_row]\n","protected":false},"excerpt":{"rendered":"<p>[vc_row] [vc_column width=&#8221;1\/1&#8243;] [vc_column_text] Numeria.net \u00e8 una delle pi\u00f9 estese reti di accesso internet e trasmissione dati del sud Italia. Nata a Taranto nel 2006 oggi copre vastissime aree di <small>&#8230;<\/small><\/p>\n","protected":false},"author":2,"featured_media":0,"parent":0,"menu_order":0,"comment_status":"open","ping_status":"open","template":"","meta":[],"_links":{"self":[{"href":"https:\/\/www6.sacotel.it\/index.php?rest_route=\/wp\/v2\/pages\/6438"}],"collection":[{"href":"https:\/\/www6.sacotel.it\/index.php?rest_route=\/wp\/v2\/pages"}],"about":[{"href":"https:\/\/www6.sacotel.it\/index.php?rest_route=\/wp\/v2\/types\/page"}],"author":[{"embeddable":true,"href":"https:\/\/www6.sacotel.it\/index.php?rest_route=\/wp\/v2\/users\/2"}],"replies":[{"embeddable":true,"href":"https:\/\/www6.sacotel.it\/index.php?rest_route=%2Fwp%2Fv2%2Fcomments&post=6438"}],"version-history":[{"count":3,"href":"https:\/\/www6.sacotel.it\/index.php?rest_route=\/wp\/v2\/pages\/6438\/revisions"}],"predecessor-version":[{"id":6475,"href":"https:\/\/www6.sacotel.it\/index.php?rest_route=\/wp\/v2\/pages\/6438\/revisions\/6475"}],"wp:attachment":[{"href":"https:\/\/www6.sacotel.it\/index.php?rest_route=%2Fwp%2Fv2%2Fmedia&parent=6438"}],"curies":[{"name":"wp","href":"https:\/\/api.w.org\/{rel}","templated":true}]}}