{"id":6422,"date":"2014-04-03T12:23:51","date_gmt":"2014-04-03T10:23:51","guid":{"rendered":"http:\/\/www6.sacotel.it\/?page_id=6422"},"modified":"2021-04-02T11:20:26","modified_gmt":"2021-04-02T09:20:26","slug":"linkem-2","status":"publish","type":"page","link":"https:\/\/www6.sacotel.it\/?page_id=6422","title":{"rendered":"Linkem"},"content":{"rendered":"[vc_row]\n[vc_column width=&#8221;1\/1&#8243;]\n[vc_single_image image=&#8221;6423&#8243; css_animation=&#8221;appear&#8221; img_link_target=&#8221;_self&#8221; img_size=&#8221;850&#215;600&#8243; alignment=&#8221;center&#8221;]\n[\/vc_column]\n[\/vc_row]\n[vc_row]\n[vc_column width=&#8221;1\/1&#8243;]\n[vc_tabs]\n[vc_tab title=&#8221;Cosa \u00e8 Linkem&#8221; tab_id=&#8221;1396520632-1-72&#8243;]\n[vc_column_text]<strong><br \/>\n<\/strong><\/p>\n<div>Linkem \u00e8 internet veloce senza limiti e senza linea fissa anche nelle aree dove non arrivano gli altri operatori.<\/div>\n<div><\/div>\n<div><strong><strong><span style=\"color: #e95e27;\">Quanto \u00e8 veloce il servizio?<\/span><\/strong><br \/>\n<\/strong><\/div>\n<div><\/div>\n<div>La rete di Linkem \u00e8 interamente dedicata alla connessione internet cos\u00ec potrai navigare velocemente, senza linea fissa e senza i limiti della chiavetta.<br \/>\nGrazie ad una connessione che arriva da 30 Mb fino a 1000 Mb (1 Gigabit) potrai scaricare film, video chattare e sfruttare al meglio le potenzialit\u00e0 della tua Smart TV.<br \/>\nPotrai collegare in wifi e in contemporanea i tuoi dispositivi (tablet, pc, smartphone) e dire addio alla chiavetta con cui puoi collegare solamente un pc e con scarsa qualit\u00e0 di navigazione.<\/div>\n<div>Verifica la velocit\u00e0 della tua connessione attuale cliccando su\u00a0<a href=\"http:\/\/www.speedtest.net\/\" target=\"_blank\"><span style=\"color: #0072bc;\">www.speedtest.net<\/span><\/a><\/div>\n<p>&nbsp;<\/p>\n<div><strong>Perch\u00e9 scegliere Linkem?<\/strong><\/div>\n<ul>\n<li>Linkem, con la sua rete di propriet\u00e0, porta internet veloce direttamente a casa tua senza linea fissa, senza i limiti della chiavetta e anche dove non arrivano gli altri operatori.<\/li>\n<li>Con Linkem avrai internet veloce senza limiti e senza linea fissa, anche dove non arrivano i tradizionali operatori che utilizzano cavi sotterranei per portare la connessione internet.<\/li>\n<li>Potrai scaricare film, guardare contenuti in streaming, connettere in wi-fi pi\u00f9 dispositivi in contemporanea come lo smartphone, il tablet ed il pc e dire addio alla chiavetta.<\/li>\n<li>La nostra offerta \u00e8 trasparente: tutti i piani sono senza limiti di tempo e di traffico senza costi aggiuntivi e quindi senza sorprese in bolletta.<\/li>\n<li>Con Linkem la connessione internet arriva direttamente a casa tua, senza ostacoli, proprio come la TV.<\/li>\n<li>Linkem \u00e8 internet portatile: porta con te il modem da interno ovunque tu voglia nelle aree coperte dal nostro servizio, attacca la presa alla corrente ed inizia a navigare! Un solo modem, tante connessioni, dove vuoi tu!<\/li>\n<li>Ti libererai per sempre dalla linea fissa e dai costi extra che ne derivano.<\/li>\n<\/ul>\n<div><strong>Prova Linkem e comincia subito a navigare senza limiti, senza linea fissa e senza chiavetta.<\/strong><\/div>\n<div><\/div>\n<div><\/div>\n<div><strong>Come funziona?<\/strong><\/div>\n<div><\/div>\n<div>E\u2019 davvero semplice! Grazie alla nostra tecnologia che non conosce ostacoli, Linkem ti porta internet veloce senza limiti anche dove non arrivano gli altri operatori, senza linea fissa e senza chiavetta.<br \/>\nCome? A differenza degli operatori che utilizzano cavi sotterranei per portare la connessione, le antenne di Linkem trasmettono il segnale internet direttamente a casa tua proprio come la TV. La rete di nostra propriet\u00e0 \u00e8 interamente dedicata alla connessione internet cos\u00ec potrai navigare velocemente, scaricare film e guardare contenuti in streaming.<br \/>\nPotrai dire finalmente addio alla chiavetta con cui puoi collegare solamente un pc e con scarsa qualit\u00e0 di navigazione e connettere in wi-fi e in contemporanea tutti i tuoi dispositivi come lo smartphone, il tablet ed il pc.<\/div>\n<div><\/div>\n<div><strong>Linkem \u00e8 internet veloce senza limiti per tutta la famiglia.<\/strong><\/div>\n<div><\/div>\n<div>\n<div><strong>Cosa \u00e8 Linkem Start?<\/strong><\/div>\n<div><\/div>\n<div>\n<div>Linkem Start \u00e8 la nuova offerta Linkem, basata su tecnologia ADSL.<\/div>\n<div>Con Linkem Start entri nel mondo Linkem e accedi alle nostre innovative opportunit\u00e0 di connessione internet.<\/div>\n<div>Linkem Start \u00e8 la soluzione giusta per te, grazie alla quale potrai avere tutti i vantaggi e l\u2019efficienza della connessione Linkem abbinata alla tecnologia ADSL, al prezzo conveniente che ti riserviamo, cio\u00e8 26,90\u20ac al mese tutto incluso per sempre.<\/div>\n<div>Finalmente puoi avere internet veloce senza vincoli di tempo e di traffico, senza i limiti della chiavetta e senza bisogno di pagare il canone, con la soluzione pi\u00f9 adatta alle tue esigenze.<\/div>\n<div><\/div>\n<div><b>Con Linkem Start potrai avere l\u2019efficienza del servizio internet Linkem abbinata alla tecnologia ADSL al prezzo conveniente che riserviamo sempre ai nostri clienti.<\/b><\/div>\n<\/div>\n<\/div>\n[\/vc_column_text]\n[\/vc_tab]\n[\/vc_tabs]\n[\/vc_column]\n[\/vc_row]\n[vc_row]\n[vc_column width=&#8221;1\/1&#8243;]\n<div class=\"sc_layout grid post\">\t\t\t\t\t<div class=\"blog_header\">\t\t\t\t\t\t<h4 class=\"pull-left caption\">\t\t\t\t\t\t\tUltime offerte Linkem\t\t\t\t\t\t<\/h4>\t\t\t\t\t\t<h6 class=\"pull-left tagline\">\t\t\t\t\t\t\t\t\t\t\t\t\t<\/h6>\t\t\t\t\t\t<div class=\"clearboth\">\t\t\t\t\t\t<\/div>\t\t\t\t\t<\/div><!-- \/.blog_header--><div class=\"row-fluid\"><div class=\"span4 column im-animate-element right-to-left \"><div class=\"image\" data-style=\"width:287px;\"><div class=\"plain post-image data-image\"><img class=\"hover_fade_js image-resize w\" src=\"https:\/\/www6.sacotel.it\/wp-content\/uploads\/2014\/03\/linkem.png\" title=\"Offerta Linkem\" alt=\"Linkem\" width=\"285\" height=\"200\" \/><div class=\"preview_info_wrap\"><a class=\"controls img\" href=\"https:\/\/www6.sacotel.it\/wp-content\/uploads\/2014\/03\/linkem.png\" rel=\"prettyPhoto[post_7205]\"><i class=\"im-icon-zoom-in\"><\/i><\/a> <!-- \/.controls --><a class=\"controls link\" href=\"https:\/\/www6.sacotel.it\/?p=7205\" title=\"Offerta Linkem\"><i class=\"im-icon-link\"><\/i><\/a> <!-- \/.controls --><\/div><\/div><\/div><h2 class=\"post_title\"><a href=\"https:\/\/www6.sacotel.it\/?p=7205\" title=\"Offerta Linkem\" rel=\"bookmark\">Offerta Linkem<\/a><\/h2><div class=\"post_meta\"><span class=\"meta_date\"><i class=\"im-icon-calendar-4\"><\/i><a href=\"https:\/\/www6.sacotel.it\/?m=201503\" title=\"\">3 Mar 2015<\/a><\/span> <\/div><div class=\"content\"><div class=\"post_excerpt\">&nbsp; &nbsp; Chiedici tutte le informazioni!! L\u2019offerta vale solo per pochi giorni ! Puoi parlare con il nostro tecnico Linkem al...<\/div><!-- \/.post_excerpt --><\/div><!-- \/.content --><\/div><!-- \/.span4 column --><div class=\"span4 column im-animate-element right-to-left \"><div class=\"image\" data-style=\"width:287px;\"><div class=\"plain post-image data-image\"><img class=\"hover_fade_js image-resize w\" src=\"https:\/\/www6.sacotel.it\/wp-content\/uploads\/2014\/03\/linkem_max.png\" title=\"Linkem Ricaricabile\" alt=\"Linkem Max\" width=\"285\" height=\"200\" \/><div class=\"preview_info_wrap\"><a class=\"controls img\" href=\"https:\/\/www6.sacotel.it\/wp-content\/uploads\/2014\/03\/linkem_max.png\" rel=\"prettyPhoto[post_6579]\"><i class=\"im-icon-zoom-in\"><\/i><\/a> <!-- \/.controls --><a class=\"controls link\" href=\"https:\/\/www6.sacotel.it\/?p=6579\" title=\"Linkem Ricaricabile\"><i class=\"im-icon-link\"><\/i><\/a> <!-- \/.controls --><\/div><\/div><\/div><h2 class=\"post_title\"><a href=\"https:\/\/www6.sacotel.it\/?p=6579\" title=\"Linkem Ricaricabile\" rel=\"bookmark\">Linkem Ricaricabile<\/a><\/h2><div class=\"post_meta\"><span class=\"meta_date\"><i class=\"im-icon-calendar-4\"><\/i><a href=\"https:\/\/www6.sacotel.it\/?m=201406\" title=\"\">23 Giu 2014<\/a><\/span> <\/div><div class=\"content\"><div class=\"post_excerpt\">4 mesi inclusi senza limiti di traffico\r\nNavighi fino a 7 Mega al secondo in download e 1 Mega al secondo in upload\r\nSenza linea fissa e...<\/div><!-- \/.post_excerpt --><\/div><!-- \/.content --><\/div><!-- \/.span4 column --><div class=\"span4 column im-animate-element right-to-left \"><div class=\"image\" data-style=\"width:287px;\"><div class=\"plain post-image data-image\"><img class=\"hover_fade_js image-resize w\" src=\"https:\/\/www6.sacotel.it\/wp-content\/uploads\/2014\/03\/linkem_max.png\" title=\"Linkem No Limits\" alt=\"Linkem Max\" width=\"285\" height=\"200\" \/><div class=\"preview_info_wrap\"><a class=\"controls img\" href=\"https:\/\/www6.sacotel.it\/wp-content\/uploads\/2014\/03\/linkem_max.png\" rel=\"prettyPhoto[post_6567]\"><i class=\"im-icon-zoom-in\"><\/i><\/a> <!-- \/.controls --><a class=\"controls link\" href=\"https:\/\/www6.sacotel.it\/?p=6567\" title=\"Linkem No Limits\"><i class=\"im-icon-link\"><\/i><\/a> <!-- \/.controls --><\/div><\/div><\/div><h2 class=\"post_title\"><a href=\"https:\/\/www6.sacotel.it\/?p=6567\" title=\"Linkem No Limits\" rel=\"bookmark\">Linkem No Limits<\/a><\/h2><div class=\"post_meta\"><span class=\"meta_date\"><i class=\"im-icon-calendar-4\"><\/i><a href=\"https:\/\/www6.sacotel.it\/?m=201406\" title=\"\">16 Giu 2014<\/a><\/span> <\/div><div class=\"content\"><div class=\"post_excerpt\">Internet veloce senza limiti di tempo e di traffico\r\nNavighi fino a 7 Mega al secondo in download e 1 Mega al secondo in upload<\/div><!-- \/.post_excerpt --><\/div><!-- \/.content --><\/div><!-- \/.span4 column --><\/div><!-- \/.row-fluid --> <div class=\"row-fluid\"><div class=\"span4 column im-animate-element right-to-left \"><div class=\"image\" data-style=\"width:287px;\"><div class=\"plain post-image data-image\"><img class=\"hover_fade_js image-resize w\" src=\"https:\/\/www6.sacotel.it\/wp-content\/uploads\/cache\/2\/2c1355e6bea287d3b63ea834bb79aa04.jpg\" title=\"Offerta Linkem spiagge\" alt=\"Spiaggia Internet\" width=\"285\" height=\"200\" \/><div class=\"preview_info_wrap\"><a class=\"controls img\" href=\"https:\/\/www6.sacotel.it\/wp-content\/uploads\/2014\/05\/spiaggia-internet.jpg\" rel=\"prettyPhoto[post_6987]\"><i class=\"im-icon-zoom-in\"><\/i><\/a> <!-- \/.controls --><a class=\"controls link\" href=\"https:\/\/www6.sacotel.it\/?p=6987\" title=\"Offerta Linkem spiagge\"><i class=\"im-icon-link\"><\/i><\/a> <!-- \/.controls --><\/div><\/div><\/div><h2 class=\"post_title\"><a href=\"https:\/\/www6.sacotel.it\/?p=6987\" title=\"Offerta Linkem spiagge\" rel=\"bookmark\">Offerta Linkem spiagge<\/a><\/h2><div class=\"post_meta\"><span class=\"meta_date\"><i class=\"im-icon-calendar-4\"><\/i><a href=\"https:\/\/www6.sacotel.it\/?m=201405\" title=\"\">21 Mag 2014<\/a><\/span> <\/div><div class=\"content\"><div class=\"post_excerpt\"> Hai uno stabilimento balneare? Vuoi regalare ai tuoi clienti la connessione a internet gratis? Con LINKEM puoi farlo!!!! LINKEM Wi-Fi...<\/div><!-- \/.post_excerpt --><\/div><!-- \/.content --><\/div><!-- \/.span4 column --><div class=\"span4 column im-animate-element right-to-left \"><div class=\"image\" data-style=\"width:287px;\"><div class=\"plain post-image data-image\"><img class=\"hover_fade_js image-resize w\" src=\"https:\/\/www6.sacotel.it\/wp-content\/uploads\/cache\/4\/401b9c27aa7d82f165a3c20b55f396e2.jpg\" title=\"Linkem Office\" alt=\"Banner OFFICE Prodotto 13.10.2013 920x341px\" width=\"285\" height=\"200\" \/><div class=\"preview_info_wrap\"><a class=\"controls img\" href=\"https:\/\/www6.sacotel.it\/wp-content\/uploads\/2014\/04\/Banner_OFFICE_prodotto_13.10.2013_920x341px.jpg\" rel=\"prettyPhoto[post_6600]\"><i class=\"im-icon-zoom-in\"><\/i><\/a> <!-- \/.controls --><a class=\"controls link\" href=\"https:\/\/www6.sacotel.it\/?p=6600\" title=\"Linkem Office\"><i class=\"im-icon-link\"><\/i><\/a> <!-- \/.controls --><\/div><\/div><\/div><h2 class=\"post_title\"><a href=\"https:\/\/www6.sacotel.it\/?p=6600\" title=\"Linkem Office\" rel=\"bookmark\">Linkem Office<\/a><\/h2><div class=\"post_meta\"><span class=\"meta_date\"><i class=\"im-icon-calendar-4\"><\/i><a href=\"https:\/\/www6.sacotel.it\/?m=201404\" title=\"\">11 Apr 2014<\/a><\/span> <\/div><div class=\"content\"><div class=\"post_excerpt\">Navighi fino a 7 Mega al secondo in download e 1 Mega al secondo in upload, senza limiti di tempo e di traffico\r\nSenza linea fissa e non...<\/div><!-- \/.post_excerpt --><\/div><!-- \/.content --><\/div><!-- \/.span4 column --><\/div><!-- \/.row-fluid --><\/div><!-- \/.sc_layout grid-->\n[vc_video title=&#8221;Spot Linkem&#8221; link=&#8221;http:\/\/www.youtube.com\/watch?v=dufX14J2gGw&#8221;]\n[\/vc_column]\n[\/vc_row]\n","protected":false},"excerpt":{"rendered":"<p>[vc_row] [vc_column width=&#8221;1\/1&#8243;] [vc_single_image image=&#8221;6423&#8243; css_animation=&#8221;appear&#8221; img_link_target=&#8221;_self&#8221; img_size=&#8221;850&#215;600&#8243; alignment=&#8221;center&#8221;] [\/vc_column] [\/vc_row] [vc_row] [vc_column width=&#8221;1\/1&#8243;] [vc_tabs] [vc_tab title=&#8221;Cosa \u00e8 Linkem&#8221; tab_id=&#8221;1396520632-1-72&#8243;] [vc_column_text] Linkem \u00e8 internet veloce senza limiti e senza linea <small>&#8230;<\/small><\/p>\n","protected":false},"author":2,"featured_media":0,"parent":0,"menu_order":0,"comment_status":"open","ping_status":"open","template":"","meta":[],"_links":{"self":[{"href":"https:\/\/www6.sacotel.it\/index.php?rest_route=\/wp\/v2\/pages\/6422"}],"collection":[{"href":"https:\/\/www6.sacotel.it\/index.php?rest_route=\/wp\/v2\/pages"}],"about":[{"href":"https:\/\/www6.sacotel.it\/index.php?rest_route=\/wp\/v2\/types\/page"}],"author":[{"embeddable":true,"href":"https:\/\/www6.sacotel.it\/index.php?rest_route=\/wp\/v2\/users\/2"}],"replies":[{"embeddable":true,"href":"https:\/\/www6.sacotel.it\/index.php?rest_route=%2Fwp%2Fv2%2Fcomments&post=6422"}],"version-history":[{"count":11,"href":"https:\/\/www6.sacotel.it\/index.php?rest_route=\/wp\/v2\/pages\/6422\/revisions"}],"predecessor-version":[{"id":7288,"href":"https:\/\/www6.sacotel.it\/index.php?rest_route=\/wp\/v2\/pages\/6422\/revisions\/7288"}],"wp:attachment":[{"href":"https:\/\/www6.sacotel.it\/index.php?rest_route=%2Fwp%2Fv2%2Fmedia&parent=6422"}],"curies":[{"name":"wp","href":"https:\/\/api.w.org\/{rel}","templated":true}]}}