{"id":6398,"date":"2014-04-01T19:06:11","date_gmt":"2014-04-01T17:06:11","guid":{"rendered":"http:\/\/www6.sacotel.it\/?page_id=6398"},"modified":"2014-06-11T11:05:04","modified_gmt":"2014-06-11T09:05:04","slug":"fastweb","status":"publish","type":"page","link":"https:\/\/www6.sacotel.it\/?page_id=6398","title":{"rendered":"Fastweb"},"content":{"rendered":"[vc_row]\n[vc_column width=&#8221;1\/1&#8243;]\n[\/vc_column]\n[\/vc_row]\n[vc_row]\n[vc_column width=&#8221;1\/1&#8243;]\n[vc_column_text]<em><a href=\"https:\/\/www6.sacotel.it\/wp-content\/uploads\/2014\/04\/975x400_app_myfastweb.jpg\"><img decoding=\"async\" loading=\"lazy\" class=\"aligncenter\" src=\"https:\/\/www6.sacotel.it\/wp-content\/uploads\/2014\/04\/975x400_app_myfastweb.jpg\" alt=\"975x400_app_myfastweb\" width=\"975\" height=\"400\" \/><\/a>FASTWEB \u00e8 il pi\u00f9 grande operatore alternativo di telecomunicazioni di rete fissa in Italia<\/em><\/p>\n<p>Qualit\u00e0 e capacit\u00e0 di soddisfare i bisogni dei clienti rappresentano, da sempre, un binomio inscindibile nella strategia di FASTWEB.<\/p>\n<p>La scelta di diventare il primo operatore al mondo a realizzare una rete di nuova generazione interamente basata sul protocollo IP, e quindi il primo operatore in grado di servire tutti i segmenti di mercato offrendo contemporaneamente servizi voce e dati ed applicazioni, \u00e8 coerente con questo posizionamento.<\/p>\n<p>Questa visione di radicale innovazione dell\u2019industria delle telecomunicazioni consente a FASTWEB di beneficiare di un modello di successo tanto nel mercato residenziale quanto in quello business, nel quale la Societ\u00e0 genera oltre la met\u00e0 dei propri ricavi. In questo segmento FASTWEB si \u00e8 affermata come il principale operatore alternativo per le grandi aziende e per le Pubbliche Amministrazioni.<\/p>\n<p>In continuit\u00e0 con la propria storia e in coerenza con la propria strategia basata sull\u2019innovazione, FASTWEB rimane focalizzata nell\u2019estendere l\u2018infrastruttura in\u00a0<a href=\"http:\/\/company.fastweb.it\/chi-siamo\/la-nostra-rete\/\">fibra ottica<\/a>\u00a0per fornire servizi di alta qualit\u00e0 alle famiglie e alle imprese italiane. A questo riguardo, FASTWEB ha avviato un progetto innovativo di estensione della propria infrastruttura in fibra ottica (con architettura Fiber to the Cabinet) per una copertura complessiva del 20% della popolazione Italiana entro il 2014. FASTWEB \u00e8 unico operatore alternativo in Europa impegnato in un piano di modernizzazione infrastrutturale del Paese per fornire su scala nazionale servizi di banda ultra-larga.<\/p>\n<p>L\u2019infrastruttura di FASTWEB permette di rispondere all\u2019evoluzione dei bisogni dei clienti privati, cos\u00ec come a quelli delle aziende che necessitano non solo di collegamenti sempre pi\u00f9 veloci, ma anche di servizi e applicazioni di cloud computing, sicurezza e servizi di comunicazione convergenti. Anche per questo FASTWEB ha affiancato alla fornitura di servizi avanzati nel mercato fisso un\u2019offerta mobile che le permette di soddisfare i bisogni dei propri clienti sia a casa sia in mobilit\u00e0.[\/vc_column_text]\n[\/vc_column]\n[\/vc_row]\n[vc_row]\n[vc_column width=&#8221;1\/1&#8243;]\n<div class=\"sc_layout grid post\">\t\t\t\t\t<div class=\"blog_header\">\t\t\t\t\t\t<h4 class=\"pull-left caption\">\t\t\t\t\t\t\tUltime offerte Fastweb\t\t\t\t\t\t<\/h4>\t\t\t\t\t\t<h6 class=\"pull-left tagline\">\t\t\t\t\t\t\t\t\t\t\t\t\t<\/h6>\t\t\t\t\t\t<div class=\"clearboth\">\t\t\t\t\t\t<\/div>\t\t\t\t\t<\/div><!-- \/.blog_header--><div class=\"row-fluid\"><div class=\"span4 column im-animate-element right-to-left \"><div class=\"image\" data-style=\"width:287px;\"><div class=\"plain post-image data-image\"><img class=\"hover_fade_js image-resize w\" src=\"https:\/\/www6.sacotel.it\/wp-content\/uploads\/cache\/c\/c63b7c3d4d84475ea155795d139a2189.jpg\" title=\"Sky + Fastweb a soli \u20ac 25 al mese\" alt=\"Sky Fastweb\" width=\"285\" height=\"200\" \/><div class=\"preview_info_wrap\"><a class=\"controls img\" href=\"https:\/\/www6.sacotel.it\/wp-content\/uploads\/2014\/09\/sky-fastweb.jpg\" rel=\"prettyPhoto[post_7123]\"><i class=\"im-icon-zoom-in\"><\/i><\/a> <!-- \/.controls --><a class=\"controls link\" href=\"https:\/\/www6.sacotel.it\/?p=7123\" title=\"Sky + Fastweb a soli \u20ac 25 al mese\"><i class=\"im-icon-link\"><\/i><\/a> <!-- \/.controls --><\/div><\/div><\/div><h2 class=\"post_title\"><a href=\"https:\/\/www6.sacotel.it\/?p=7123\" title=\"Sky + Fastweb a soli \u20ac 25 al mese\" rel=\"bookmark\">Sky + Fastweb a soli \u20ac 25 al mese<\/a><\/h2><div class=\"post_meta\"><span class=\"meta_date\"><i class=\"im-icon-calendar-4\"><\/i><a href=\"https:\/\/www6.sacotel.it\/?m=201409\" title=\"\">12 Set 2014<\/a><\/span> <\/div><div class=\"content\"><div class=\"post_excerpt\">Passa a Sky e Fastweb &nbsp;<\/div><!-- \/.post_excerpt --><\/div><!-- \/.content --><\/div><!-- \/.span4 column --><div class=\"span4 column im-animate-element right-to-left \"><div class=\"image\" data-style=\"width:287px;\"><div class=\"plain post-image data-image\"><img class=\"hover_fade_js image-resize w\" src=\"https:\/\/www6.sacotel.it\/wp-content\/uploads\/cache\/9\/9f5a23853b9834787399a392746d0f61.jpg\" title=\"Offerta Home pack Sky + Fastweb\" alt=\"Immagini Hp Sky Fastweb\" width=\"285\" height=\"200\" \/><div class=\"preview_info_wrap\"><a class=\"controls img\" href=\"https:\/\/www6.sacotel.it\/wp-content\/uploads\/2014\/05\/immagini-hp-sky_fastweb.jpg\" rel=\"prettyPhoto[post_7033]\"><i class=\"im-icon-zoom-in\"><\/i><\/a> <!-- \/.controls --><a class=\"controls link\" href=\"https:\/\/www6.sacotel.it\/?p=7033\" title=\"Offerta Home pack Sky + Fastweb\"><i class=\"im-icon-link\"><\/i><\/a> <!-- \/.controls --><\/div><\/div><\/div><h2 class=\"post_title\"><a href=\"https:\/\/www6.sacotel.it\/?p=7033\" title=\"Offerta Home pack Sky + Fastweb\" rel=\"bookmark\">Offerta Home pack Sky + Fastweb<\/a><\/h2><div class=\"post_meta\"><span class=\"meta_date\"><i class=\"im-icon-calendar-4\"><\/i><a href=\"https:\/\/www6.sacotel.it\/?m=201406\" title=\"\">11 Giu 2014<\/a><\/span> <\/div><div class=\"content\"><div class=\"post_excerpt\"><\/div><!-- \/.post_excerpt --><\/div><!-- \/.content --><\/div><!-- \/.span4 column --><\/div><!-- \/.row-fluid --><\/div><!-- \/.sc_layout grid-->\n[\/vc_column]\n[\/vc_row]\n","protected":false},"excerpt":{"rendered":"<p>[vc_row] [vc_column width=&#8221;1\/1&#8243;] [\/vc_column] [\/vc_row] [vc_row] [vc_column width=&#8221;1\/1&#8243;] [vc_column_text]FASTWEB \u00e8 il pi\u00f9 grande operatore alternativo di telecomunicazioni di rete fissa in Italia Qualit\u00e0 e capacit\u00e0 di soddisfare i bisogni dei <small>&#8230;<\/small><\/p>\n","protected":false},"author":3,"featured_media":6167,"parent":0,"menu_order":0,"comment_status":"open","ping_status":"open","template":"","meta":[],"_links":{"self":[{"href":"https:\/\/www6.sacotel.it\/index.php?rest_route=\/wp\/v2\/pages\/6398"}],"collection":[{"href":"https:\/\/www6.sacotel.it\/index.php?rest_route=\/wp\/v2\/pages"}],"about":[{"href":"https:\/\/www6.sacotel.it\/index.php?rest_route=\/wp\/v2\/types\/page"}],"author":[{"embeddable":true,"href":"https:\/\/www6.sacotel.it\/index.php?rest_route=\/wp\/v2\/users\/3"}],"replies":[{"embeddable":true,"href":"https:\/\/www6.sacotel.it\/index.php?rest_route=%2Fwp%2Fv2%2Fcomments&post=6398"}],"version-history":[{"count":5,"href":"https:\/\/www6.sacotel.it\/index.php?rest_route=\/wp\/v2\/pages\/6398\/revisions"}],"predecessor-version":[{"id":7036,"href":"https:\/\/www6.sacotel.it\/index.php?rest_route=\/wp\/v2\/pages\/6398\/revisions\/7036"}],"wp:featuredmedia":[{"embeddable":true,"href":"https:\/\/www6.sacotel.it\/index.php?rest_route=\/wp\/v2\/media\/6167"}],"wp:attachment":[{"href":"https:\/\/www6.sacotel.it\/index.php?rest_route=%2Fwp%2Fv2%2Fmedia&parent=6398"}],"curies":[{"name":"wp","href":"https:\/\/api.w.org\/{rel}","templated":true}]}}